{"id":2335,"date":"2023-08-21T13:36:49","date_gmt":"2023-08-21T11:36:49","guid":{"rendered":"https:\/\/geraete.mylabels.de\/imprint\/"},"modified":"2023-08-21T13:36:49","modified_gmt":"2023-08-21T11:36:49","slug":"imprint","status":"publish","type":"page","link":"https:\/\/geraete.mylabels.de\/en\/imprint\/","title":{"rendered":"Imprint"},"content":{"rendered":"<h2 class=\"uk-h3\">LEGAL NOTICE<\/h2>\n<div class=\"uk-panel uk-margin\">\n<p><strong>myLabels GmbH<\/strong><br \/>\nIm Schlangengarten 68<br \/>\n76877 Offenbach \/ Queich<\/p>\n<p><strong>Phone: <\/strong><a href=\"tel:+49%20(0)%206348%20959550\">+49 (0) 6348 959550<\/a><br \/>\n<strong>Fax: <\/strong>+49 (0) 6348 959555<br \/>\n<strong>Email: <\/strong><a href=\"mailto:info@myLabels.de\">info@myLabels.de<\/a><\/p>\n<p><strong>Managing Director:<\/strong><br \/>\nRalf Bittigh\u00f6fer<\/p>\n<p><strong>Commercial Register Entry:<br \/>\n<\/strong>Local Court Landau, Commercial Register No.: 30158<\/p>\n<p><strong>VAT ID:<\/strong><br \/>\nDE 814748861<\/p>\n<\/div>\n<h2 class=\"uk-h3\">ONLINE DISPUTE RESOLUTION<\/h2>\n<div class=\"uk-panel uk-margin\">\n<p>The European Commission provides a platform for online dispute resolution at https:\/\/ec.europa.eu\/consumers\/odr\/, which consumers can use to resolve a dispute and where further information on dispute resolution can be found.<\/p>\n<\/div>\n<h2 class=\"uk-h3\">OUT-OF-COURT DISPUTE RESOLUTION<\/h2>\n<div class=\"uk-panel uk-margin\">\n<p>We are neither obliged nor willing to participate in dispute resolution proceedings before a consumer arbitration board in the event of a dispute with a consumer.<\/p>\n<\/div>\n<h2 class=\"uk-h3\">COPYRIGHT \/ DISCLAIMER<\/h2>\n<div class=\"uk-panel uk-margin\">\n<p>The content of this website (images, graphics, and texts) created by myLabels GmbH is subject to German copyright law. Any reproduction, distribution, and any form of exploitation require written consent. Insofar as the content was not created by myLabels GmbH, the copyrights of third parties are observed. This applies in particular to photos\/graphics from image agencies, for which the terms of use of the respective agency also apply.   <\/p>\n<p>As a service provider of this online offering, we are responsible for our own content according to general laws, pursuant to Section 7 (1) TMG. Therefore, we exercise a very high degree of diligence in operating and maintaining this website. Nevertheless, we cannot guarantee the accuracy of the information provided or permanent technical accessibility. As soon as we become aware of incorrect or illegal content, we will correct or remove it immediately.    <\/p>\n<p>Our offering contains links to external third-party websites. We have no influence over the content of these pages. The linked sources and external websites are carefully selected by us in advance to the best of our knowledge and checked for possible legal infringements. However, we cannot constantly check them for their current legality. Should legal infringements occur on linked websites later, we ask for a corresponding notification. We will investigate the matter as quickly as possible and remove the link immediately if necessary. We cannot assume liability for the content of websites linked from our online offering. We also have no influence over whether their operators comply with the applicable data protection regulations.       <\/p>\n<\/div>\n","protected":false},"excerpt":{"rendered":"<p>LEGAL NOTICE myLabels GmbH Im Schlangengarten 68 76877 Offenbach \/ Queich Phone: +49 (0) 6348 959550 Fax: +49 (0) 6348 959555 Email: info@myLabels.de Managing Director: Ralf Bittigh\u00f6fer Commercial Register Entry: Local Court Landau, Commercial Register No.: 30158 VAT ID: DE 814748861 ONLINE DISPUTE RESOLUTION The European Commission provides a platform for online dispute resolution at [&hellip;]<\/p>\n","protected":false},"author":1,"featured_media":0,"parent":0,"menu_order":0,"comment_status":"closed","ping_status":"closed","template":"","meta":{"site-sidebar-layout":"default","site-content-layout":"","ast-site-content-layout":"default","site-content-style":"default","site-sidebar-style":"default","ast-global-header-display":"","ast-banner-title-visibility":"","ast-main-header-display":"","ast-hfb-above-header-display":"","ast-hfb-below-header-display":"","ast-hfb-mobile-header-display":"","site-post-title":"","ast-breadcrumbs-content":"","ast-featured-img":"","footer-sml-layout":"","theme-transparent-header-meta":"default","adv-header-id-meta":"","stick-header-meta":"default","header-above-stick-meta":"","header-main-stick-meta":"","header-below-stick-meta":"","astra-migrate-meta-layouts":"default","ast-page-background-enabled":"default","ast-page-background-meta":{"desktop":{"background-color":"var(--ast-global-color-4)","background-image":"","background-repeat":"repeat","background-position":"center center","background-size":"auto","background-attachment":"scroll","background-type":"","background-media":"","overlay-type":"","overlay-color":"","overlay-opacity":"","overlay-gradient":""},"tablet":{"background-color":"","background-image":"","background-repeat":"repeat","background-position":"center center","background-size":"auto","background-attachment":"scroll","background-type":"","background-media":"","overlay-type":"","overlay-color":"","overlay-opacity":"","overlay-gradient":""},"mobile":{"background-color":"","background-image":"","background-repeat":"repeat","background-position":"center center","background-size":"auto","background-attachment":"scroll","background-type":"","background-media":"","overlay-type":"","overlay-color":"","overlay-opacity":"","overlay-gradient":""}},"ast-content-background-meta":{"desktop":{"background-color":"var(--ast-global-color-5)","background-image":"","background-repeat":"repeat","background-position":"center center","background-size":"auto","background-attachment":"scroll","background-type":"","background-media":"","overlay-type":"","overlay-color":"","overlay-opacity":"","overlay-gradient":""},"tablet":{"background-color":"var(--ast-global-color-5)","background-image":"","background-repeat":"repeat","background-position":"center center","background-size":"auto","background-attachment":"scroll","background-type":"","background-media":"","overlay-type":"","overlay-color":"","overlay-opacity":"","overlay-gradient":""},"mobile":{"background-color":"var(--ast-global-color-5)","background-image":"","background-repeat":"repeat","background-position":"center center","background-size":"auto","background-attachment":"scroll","background-type":"","background-media":"","overlay-type":"","overlay-color":"","overlay-opacity":"","overlay-gradient":""}},"footnotes":""},"class_list":["post-2335","page","type-page","status-publish","hentry"],"yoast_head":"<!-- This site is optimized with the Yoast SEO plugin v25.6 - https:\/\/yoast.com\/wordpress\/plugins\/seo\/ -->\n<title>Imprint - myLabels<\/title>\n<meta name=\"description\" content=\"myLabels GmbH: Ihr zuverl\u00e4ssiger Partner f\u00fcr Etiketten und Kennzeichnungsl\u00f6sungen seit 2006 - Jetzt mehr erfahren\" \/>\n<meta name=\"robots\" content=\"noindex, follow, max-snippet:-1, max-image-preview:large, max-video-preview:-1\" \/>\n<meta property=\"og:locale\" content=\"en_US\" \/>\n<meta property=\"og:type\" content=\"article\" \/>\n<meta property=\"og:title\" content=\"Imprint - myLabels\" \/>\n<meta property=\"og:description\" content=\"myLabels GmbH: Ihr zuverl\u00e4ssiger Partner f\u00fcr Etiketten und Kennzeichnungsl\u00f6sungen seit 2006 - Jetzt mehr erfahren\" \/>\n<meta property=\"og:url\" content=\"https:\/\/geraete.mylabels.de\/en\/imprint\/\" \/>\n<meta property=\"og:site_name\" content=\"myLabels\" \/>\n<meta name=\"twitter:card\" content=\"summary_large_image\" \/>\n<meta name=\"twitter:label1\" content=\"Est. reading time\" \/>\n\t<meta name=\"twitter:data1\" content=\"2 minutes\" \/>\n<script type=\"application\/ld+json\" class=\"yoast-schema-graph\">{\"@context\":\"https:\/\/schema.org\",\"@graph\":[{\"@type\":\"WebPage\",\"@id\":\"https:\/\/geraete.mylabels.de\/en\/imprint\/\",\"url\":\"https:\/\/geraete.mylabels.de\/en\/imprint\/\",\"name\":\"Imprint - myLabels\",\"isPartOf\":{\"@id\":\"https:\/\/geraete.mylabels.de\/en\/#website\"},\"datePublished\":\"2023-08-21T11:36:49+00:00\",\"description\":\"myLabels GmbH: Ihr zuverl\u00e4ssiger Partner f\u00fcr Etiketten und Kennzeichnungsl\u00f6sungen seit 2006 - Jetzt mehr erfahren\",\"breadcrumb\":{\"@id\":\"https:\/\/geraete.mylabels.de\/en\/imprint\/#breadcrumb\"},\"inLanguage\":\"en-US\",\"potentialAction\":[{\"@type\":\"ReadAction\",\"target\":[\"https:\/\/geraete.mylabels.de\/en\/imprint\/\"]}]},{\"@type\":\"BreadcrumbList\",\"@id\":\"https:\/\/geraete.mylabels.de\/en\/imprint\/#breadcrumb\",\"itemListElement\":[{\"@type\":\"ListItem\",\"position\":1,\"name\":\"Startseite\",\"item\":\"https:\/\/geraete.mylabels.de\/en\/\"},{\"@type\":\"ListItem\",\"position\":2,\"name\":\"Imprint\"}]},{\"@type\":\"WebSite\",\"@id\":\"https:\/\/geraete.mylabels.de\/en\/#website\",\"url\":\"https:\/\/geraete.mylabels.de\/en\/\",\"name\":\"myLabels\",\"description\":\"Industrie-Drucksysteme &amp; Etikettierl\u00f6sungen\",\"potentialAction\":[{\"@type\":\"SearchAction\",\"target\":{\"@type\":\"EntryPoint\",\"urlTemplate\":\"https:\/\/geraete.mylabels.de\/en\/?s={search_term_string}\"},\"query-input\":{\"@type\":\"PropertyValueSpecification\",\"valueRequired\":true,\"valueName\":\"search_term_string\"}}],\"inLanguage\":\"en-US\"}]}<\/script>\n<!-- \/ Yoast SEO plugin. -->","yoast_head_json":{"title":"Imprint - myLabels","description":"myLabels GmbH: Ihr zuverl\u00e4ssiger Partner f\u00fcr Etiketten und Kennzeichnungsl\u00f6sungen seit 2006 - Jetzt mehr erfahren","robots":{"index":"noindex","follow":"follow","max-snippet":"max-snippet:-1","max-image-preview":"max-image-preview:large","max-video-preview":"max-video-preview:-1"},"og_locale":"en_US","og_type":"article","og_title":"Imprint - myLabels","og_description":"myLabels GmbH: Ihr zuverl\u00e4ssiger Partner f\u00fcr Etiketten und Kennzeichnungsl\u00f6sungen seit 2006 - Jetzt mehr erfahren","og_url":"https:\/\/geraete.mylabels.de\/en\/imprint\/","og_site_name":"myLabels","twitter_card":"summary_large_image","twitter_misc":{"Est. reading time":"2 minutes"},"schema":{"@context":"https:\/\/schema.org","@graph":[{"@type":"WebPage","@id":"https:\/\/geraete.mylabels.de\/en\/imprint\/","url":"https:\/\/geraete.mylabels.de\/en\/imprint\/","name":"Imprint - myLabels","isPartOf":{"@id":"https:\/\/geraete.mylabels.de\/en\/#website"},"datePublished":"2023-08-21T11:36:49+00:00","description":"myLabels GmbH: Ihr zuverl\u00e4ssiger Partner f\u00fcr Etiketten und Kennzeichnungsl\u00f6sungen seit 2006 - Jetzt mehr erfahren","breadcrumb":{"@id":"https:\/\/geraete.mylabels.de\/en\/imprint\/#breadcrumb"},"inLanguage":"en-US","potentialAction":[{"@type":"ReadAction","target":["https:\/\/geraete.mylabels.de\/en\/imprint\/"]}]},{"@type":"BreadcrumbList","@id":"https:\/\/geraete.mylabels.de\/en\/imprint\/#breadcrumb","itemListElement":[{"@type":"ListItem","position":1,"name":"Startseite","item":"https:\/\/geraete.mylabels.de\/en\/"},{"@type":"ListItem","position":2,"name":"Imprint"}]},{"@type":"WebSite","@id":"https:\/\/geraete.mylabels.de\/en\/#website","url":"https:\/\/geraete.mylabels.de\/en\/","name":"myLabels","description":"Industrie-Drucksysteme &amp; Etikettierl\u00f6sungen","potentialAction":[{"@type":"SearchAction","target":{"@type":"EntryPoint","urlTemplate":"https:\/\/geraete.mylabels.de\/en\/?s={search_term_string}"},"query-input":{"@type":"PropertyValueSpecification","valueRequired":true,"valueName":"search_term_string"}}],"inLanguage":"en-US"}]}},"_links":{"self":[{"href":"https:\/\/geraete.mylabels.de\/en\/wp-json\/wp\/v2\/pages\/2335","targetHints":{"allow":["GET"]}}],"collection":[{"href":"https:\/\/geraete.mylabels.de\/en\/wp-json\/wp\/v2\/pages"}],"about":[{"href":"https:\/\/geraete.mylabels.de\/en\/wp-json\/wp\/v2\/types\/page"}],"author":[{"embeddable":true,"href":"https:\/\/geraete.mylabels.de\/en\/wp-json\/wp\/v2\/users\/1"}],"replies":[{"embeddable":true,"href":"https:\/\/geraete.mylabels.de\/en\/wp-json\/wp\/v2\/comments?post=2335"}],"version-history":[{"count":0,"href":"https:\/\/geraete.mylabels.de\/en\/wp-json\/wp\/v2\/pages\/2335\/revisions"}],"wp:attachment":[{"href":"https:\/\/geraete.mylabels.de\/en\/wp-json\/wp\/v2\/media?parent=2335"}],"curies":[{"name":"wp","href":"https:\/\/api.w.org\/{rel}","templated":true}]}}